{"id":1520,"date":"2013-04-15T11:26:04","date_gmt":"2013-04-15T09:26:04","guid":{"rendered":"http:\/\/relaunch.picco-carpe-linguam.com\/?page_id=1520"},"modified":"2019-10-30T15:06:18","modified_gmt":"2019-10-30T13:06:18","slug":"kontakt","status":"publish","type":"page","link":"http:\/\/picco-cl-cc.de\/1788\/kontakt\/","title":{"rendered":"Ihre Nachricht"},"content":{"rendered":"\n\n\n\n\n\n\n\n\n\n\n<p class=\"has-small-font-size\">Bei der Kontaktaufnahme mit uns (z. B. per Kontaktformular, E-Mail,  Telefon oder via sozialer Medien) werden die Angaben des Nutzers zur  Bearbeitung der Kontaktanfrage und deren Abwicklung verarbeitet. Die  Angaben der Nutzer k\u00f6nnen in einem Customer-Relationship-Management  System (\u201eCRM System\u201c) oder vergleichbarer Datenbank gespeichert werden.  Eingetragene Formulardaten werden per E-Mail versandt und somit auf  unserem E-Mail-Server gespeichert. Bei bestimmten Einstellungen ist es  m\u00f6glich, dass Formulardaten auch in der Datenbank oder auf Dritt-Servern  gespeichert werden. Wir l\u00f6schen die Anfragen, sofern diese nicht mehr  erforderlich sind. Wir \u00fcberpr\u00fcfen die Erforderlichkeit alle zwei Jahre;  Ferner gelten die gesetzlichen Archivierungspflichten. <\/p>\n","protected":false},"excerpt":{"rendered":"<p>Bei der Kontaktaufnahme mit uns (z. B. per Kontaktformular, E-Mail, Telefon oder via sozialer Medien) werden die Angaben des Nutzers zur Bearbeitung der Kontaktanfrage und deren Abwicklung verarbeitet. Die Angaben der Nutzer k\u00f6nnen in einem Customer-Relationship-Management System (\u201eCRM System\u201c) oder vergleichbarer Datenbank gespeichert werden. Eingetragene Formulardaten werden per E-Mail versandt und somit auf unserem E-Mail-Server [&hellip;]<\/p>\n","protected":false},"author":1,"featured_media":0,"parent":0,"menu_order":1,"comment_status":"open","ping_status":"open","template":"","meta":[],"_links":{"self":[{"href":"http:\/\/picco-cl-cc.de\/1788\/wp-json\/wp\/v2\/pages\/1520"}],"collection":[{"href":"http:\/\/picco-cl-cc.de\/1788\/wp-json\/wp\/v2\/pages"}],"about":[{"href":"http:\/\/picco-cl-cc.de\/1788\/wp-json\/wp\/v2\/types\/page"}],"author":[{"embeddable":true,"href":"http:\/\/picco-cl-cc.de\/1788\/wp-json\/wp\/v2\/users\/1"}],"replies":[{"embeddable":true,"href":"http:\/\/picco-cl-cc.de\/1788\/wp-json\/wp\/v2\/comments?post=1520"}],"version-history":[{"count":3,"href":"http:\/\/picco-cl-cc.de\/1788\/wp-json\/wp\/v2\/pages\/1520\/revisions"}],"predecessor-version":[{"id":2516,"href":"http:\/\/picco-cl-cc.de\/1788\/wp-json\/wp\/v2\/pages\/1520\/revisions\/2516"}],"wp:attachment":[{"href":"http:\/\/picco-cl-cc.de\/1788\/wp-json\/wp\/v2\/media?parent=1520"}],"curies":[{"name":"wp","href":"https:\/\/api.w.org\/{rel}","templated":true}]}}